{"id":55329,"date":"2025-10-03T15:15:16","date_gmt":"2025-10-03T13:15:16","guid":{"rendered":"https:\/\/nathyroid.fr\/concept-nathyrel\/"},"modified":"2026-03-25T12:42:51","modified_gmt":"2026-03-25T11:42:51","slug":"gama-nathyrel","status":"publish","type":"page","link":"https:\/\/nathyroid.fr\/es\/gama-nathyrel\/","title":{"rendered":"Gama NATHYREL"},"content":{"rendered":"\t\t<div data-elementor-type=\"wp-page\" data-elementor-id=\"55329\" class=\"elementor elementor-55329 elementor-55009\">\n\t\t\t\t<div class=\"elementor-element elementor-element-49bd69e e-con-full e-flex e-con e-parent\" data-id=\"49bd69e\" data-element_type=\"container\" data-e-type=\"container\" data-settings=\"{&quot;background_background&quot;:&quot;classic&quot;}\">\n\t\t<div class=\"elementor-element elementor-element-ad7ffe5 e-con-full e-flex e-con e-child\" data-id=\"ad7ffe5\" data-element_type=\"container\" data-e-type=\"container\">\n\t\t\t\t<div class=\"elementor-element elementor-element-4ebe186 elementor-widget elementor-widget-myritual_core_single_image\" data-id=\"4ebe186\" data-element_type=\"widget\" data-e-type=\"widget\" data-widget_type=\"myritual_core_single_image.default\">\n\t\t\t\t<div class=\"elementor-widget-container\">\n\t\t\t\t\t<div class=\"qodef-shortcode qodef-m  qodef-single-image qodef-layout--default   \">\n\t\t\t<div class=\"qodef-m-image\">\n\t\t\t\t\t\t\t\t<img fetchpriority=\"high\" decoding=\"async\" width=\"900\" height=\"900\" src=\"https:\/\/nathyroid.fr\/wp-content\/uploads\/2025\/10\/concept-nathyrel.jpg\" class=\"attachment-full size-full\" alt=\"concept nathyrel\" srcset=\"https:\/\/nathyroid.fr\/wp-content\/uploads\/2025\/10\/concept-nathyrel.jpg 900w, https:\/\/nathyroid.fr\/wp-content\/uploads\/2025\/10\/concept-nathyrel-300x300.jpg 300w, https:\/\/nathyroid.fr\/wp-content\/uploads\/2025\/10\/concept-nathyrel-150x150.jpg 150w, https:\/\/nathyroid.fr\/wp-content\/uploads\/2025\/10\/concept-nathyrel-768x768.jpg 768w, https:\/\/nathyroid.fr\/wp-content\/uploads\/2025\/10\/concept-nathyrel-650x650.jpg 650w\" sizes=\"(max-width: 900px) 100vw, 900px\" \/>\t\t\t\t\t\t\t<\/div>\n\t<\/div>\n\t\t\t\t<\/div>\n\t\t\t\t<\/div>\n\t\t\t\t<\/div>\n\t\t<div class=\"elementor-element elementor-element-18df31f e-con-full e-flex e-con e-child\" data-id=\"18df31f\" data-element_type=\"container\" data-e-type=\"container\">\n\t\t<div class=\"elementor-element elementor-element-8394108 e-con-full e-flex e-con e-child\" data-id=\"8394108\" data-element_type=\"container\" data-e-type=\"container\">\n\t\t\t\t<div class=\"elementor-element elementor-element-679ccb1 elementor-widget__width-initial elementor-widget elementor-widget-myritual_core_section_title\" data-id=\"679ccb1\" data-element_type=\"widget\" data-e-type=\"widget\" data-widget_type=\"myritual_core_section_title.default\">\n\t\t\t\t<div class=\"elementor-widget-container\">\n\t\t\t\t\t<div class=\"qodef-shortcode qodef-m  qodef-section-title qodef-alignment--left \">\n\t\t<h1 class=\"qodef-m-title\" style=\"color: #FFFFFF\">\n\t\t\t\t\tGama <span style=\"font-weight:600\">NATHYREL<\/span>\t\t\t<\/h1>\n\t<\/div>\n\t\t\t\t<\/div>\n\t\t\t\t<\/div>\n\t\t\t\t<div class=\"elementor-element elementor-element-ad66ece elementor-widget__width-initial elementor-widget elementor-widget-text-editor\" data-id=\"ad66ece\" data-element_type=\"widget\" data-e-type=\"widget\" data-widget_type=\"text-editor.default\">\n\t\t\t\t<div class=\"elementor-widget-container\">\n\t\t\t\t\t\t\t\t\t<p>Nuestro estado general depende muy a menudo de nuestro equilibrio hormonal. Muchos signos pueden acompa\u00f1ar un desequilibrio de la funci\u00f3n tiroidea y generalmente se manifiestan con una intensidad variable seg\u00fan la persona.<\/p><p>Para responder a las necesidades espec\u00edficas de cada persona, hemos creado la gama de productos <strong>NATHYREL<\/strong>.<\/p><p>Las f\u00f3rmulas originales de cada producto de la gama <strong>NATHYREL<\/strong> son fruto de nuestra investigaci\u00f3n y est\u00e1n elaboradas con el mayor cuidado a partir de materias primas de alta calidad. Se fabrican exclusivamente en Francia bajo certificaci\u00f3n ISO 22000.<\/p><p>Cada producto de la gama <strong>NATHYREL<\/strong> ha sido dise\u00f1ado para poder utilizarse solo o como complemento de nuestro producto <span style=\"color: #ffffff;\"><a style=\"color: #ffffff;\" href=\"https:\/\/nathyroid.fr\/es\/formulacion-de-nathyroid\/\" rel=\"noopener noreferrer\">NATHYRO\u00cfD<\/a><\/span>, especialmente formulado para el equilibrio tiroideo, sin riesgo de interacciones ni de sobredosificaci\u00f3n.<\/p><p>Recomendamos utilizar un producto de la gama <strong>NATHYREL<\/strong> durante una cura m\u00ednima de 3 meses como complemento de la toma de <span style=\"color: #ffffff;\"><a style=\"color: #ffffff;\" href=\"https:\/\/nathyroid.fr\/es\/formulacion-de-nathyroid\/\" rel=\"noopener noreferrer\">NATHYRO\u00cfD<\/a><\/span> para beneficiarse de una acci\u00f3n sin\u00e9rgica \u00f3ptima.<\/p>\t\t\t\t\t\t\t\t<\/div>\n\t\t\t\t<\/div>\n\t\t\t\t<\/div>\n\t\t\t\t<\/div>\n\t\t\t\t<\/div>\n\t\t<div class=\"elementor-element elementor-element-203e804 e-flex e-con-boxed e-con e-parent\" data-id=\"203e804\" data-element_type=\"container\" data-e-type=\"container\">\n\t\t\t\t\t<div class=\"e-con-inner\">\n\t\t\t\t<div class=\"elementor-element elementor-element-5b4cbe7 elementor-widget elementor-widget-myritual_core_section_title\" data-id=\"5b4cbe7\" data-element_type=\"widget\" data-e-type=\"widget\" data-widget_type=\"myritual_core_section_title.default\">\n\t\t\t\t<div class=\"elementor-widget-container\">\n\t\t\t\t\t<div class=\"qodef-shortcode qodef-m hptitle qodef-section-title qodef-alignment--center \">\n\t\t<h2 class=\"qodef-m-title\" style=\"color: #2E6989\">\n\t\t\t\t\tUna gama adaptada para responder a las necesidades espec\u00edficas de cada persona\t\t\t<\/h2>\n\t<\/div>\n\t\t\t\t<\/div>\n\t\t\t\t<\/div>\n\t\t\t\t\t<\/div>\n\t\t\t\t<\/div>\n\t\t<div class=\"elementor-element elementor-element-c97bbc3 e-con-full e-flex e-con e-parent\" data-id=\"c97bbc3\" data-element_type=\"container\" data-e-type=\"container\">\n\t\t<div class=\"elementor-element elementor-element-19c1524 e-con-full e-flex e-con e-child\" data-id=\"19c1524\" data-element_type=\"container\" data-e-type=\"container\">\n\t\t\t\t<div class=\"elementor-element elementor-element-ecef361 elementor-widget elementor-widget-image\" data-id=\"ecef361\" data-element_type=\"widget\" data-e-type=\"widget\" data-widget_type=\"image.default\">\n\t\t\t\t<div class=\"elementor-widget-container\">\n\t\t\t\t\t\t\t\t\t\t\t\t\t\t\t<img decoding=\"async\" width=\"700\" height=\"700\" src=\"https:\/\/nathyroid.fr\/wp-content\/uploads\/2007\/11\/Nathyrel-Stress-30.png\" class=\"attachment-large size-large wp-image-49385\" alt=\"NATHYREL GESTION DU STRESS\" srcset=\"https:\/\/nathyroid.fr\/wp-content\/uploads\/2007\/11\/Nathyrel-Stress-30.png 700w, https:\/\/nathyroid.fr\/wp-content\/uploads\/2007\/11\/Nathyrel-Stress-30-300x300.png 300w, https:\/\/nathyroid.fr\/wp-content\/uploads\/2007\/11\/Nathyrel-Stress-30-150x150.png 150w, https:\/\/nathyroid.fr\/wp-content\/uploads\/2007\/11\/Nathyrel-Stress-30-650x650.png 650w, https:\/\/nathyroid.fr\/wp-content\/uploads\/2007\/11\/Nathyrel-Stress-30-600x600.png 600w, https:\/\/nathyroid.fr\/wp-content\/uploads\/2007\/11\/Nathyrel-Stress-30-100x100.png 100w\" sizes=\"(max-width: 700px) 100vw, 700px\" \/>\t\t\t\t\t\t\t\t\t\t\t\t\t\t\t<\/div>\n\t\t\t\t<\/div>\n\t\t\t\t<div class=\"elementor-element elementor-element-f5dcb6b elementor-widget elementor-widget-heading\" data-id=\"f5dcb6b\" data-element_type=\"widget\" data-e-type=\"widget\" data-widget_type=\"heading.default\">\n\t\t\t\t<div class=\"elementor-widget-container\">\n\t\t\t\t\t<h3 class=\"elementor-heading-title elementor-size-default\"><b>NATHYREL<\/b> <br>GESTI\u00d3N DEL ESTR\u00c9S<\/h3>\t\t\t\t<\/div>\n\t\t\t\t<\/div>\n\t\t\t\t<div class=\"elementor-element elementor-element-e867604 elementor-widget__width-initial elementor-widget elementor-widget-text-editor\" data-id=\"e867604\" data-element_type=\"widget\" data-e-type=\"widget\" data-widget_type=\"text-editor.default\">\n\t\t\t\t<div class=\"elementor-widget-container\">\n\t\t\t\t\t\t\t\t\t<p>Ayuda a aliviar el estr\u00e9s y la ansiedad<sup>1<\/sup> y a reducir el cansancio<sup>2<\/sup><br \/><span style=\"font-size: 12px;\"><i>1 \u2013 El extracto de pasiflora contribuye a inducir la relajaci\u00f3n y a aliviar el estr\u00e9s y la ansiedad.<br \/>2 \u2013 El magnesio y la vitamina B6 contribuyen a unas funciones psicol\u00f3gicas normales y al funcionamiento normal del sistema nervioso. Tambi\u00e9n contribuyen a reducir el cansancio.<br \/><\/i><\/span><\/p>\t\t\t\t\t\t\t\t<\/div>\n\t\t\t\t<\/div>\n\t\t\t\t<div class=\"elementor-element elementor-element-1f78c7d elementor-widget elementor-widget-myritual_core_button\" data-id=\"1f78c7d\" data-element_type=\"widget\" data-e-type=\"widget\" data-widget_type=\"myritual_core_button.default\">\n\t\t\t\t<div class=\"elementor-widget-container\">\n\t\t\t\t\t<a class=\"qodef-shortcode qodef-m  qodef-button qodef-layout--outlined  qodef-html--link\" href=\"https:\/\/nathyroid.fr\/es\/nathyrel-gestion-del-estres\/\" target=\"_self\" data-hover-color=\"#FFFFFF\" data-hover-background-color=\"#2E6989\" data-hover-border-color=\"#FFFFFF\" style=\"color: #2E6989;border-color: #2E6989;font-size: 12px;font-weight: 800;text-transform: uppercase\">\n\t<span class=\"qodef-m-text\">Saber m\u00e1s<\/span>\n<\/a>\n\t\t\t\t<\/div>\n\t\t\t\t<\/div>\n\t\t\t\t<\/div>\n\t\t<div class=\"elementor-element elementor-element-8cf8ce0 e-con-full e-flex e-con e-child\" data-id=\"8cf8ce0\" data-element_type=\"container\" data-e-type=\"container\">\n\t\t\t\t<div class=\"elementor-element elementor-element-5d38494 elementor-widget elementor-widget-image\" data-id=\"5d38494\" data-element_type=\"widget\" data-e-type=\"widget\" data-widget_type=\"image.default\">\n\t\t\t\t<div class=\"elementor-widget-container\">\n\t\t\t\t\t\t\t\t\t\t\t\t\t\t\t<img decoding=\"async\" width=\"700\" height=\"700\" src=\"https:\/\/nathyroid.fr\/wp-content\/uploads\/2024\/07\/Nathyrel-Cheveux-30.png\" class=\"attachment-large size-large wp-image-49365\" alt=\"NATHYREL FORCE DU CHEVEU\" srcset=\"https:\/\/nathyroid.fr\/wp-content\/uploads\/2024\/07\/Nathyrel-Cheveux-30.png 700w, https:\/\/nathyroid.fr\/wp-content\/uploads\/2024\/07\/Nathyrel-Cheveux-30-300x300.png 300w, https:\/\/nathyroid.fr\/wp-content\/uploads\/2024\/07\/Nathyrel-Cheveux-30-150x150.png 150w, https:\/\/nathyroid.fr\/wp-content\/uploads\/2024\/07\/Nathyrel-Cheveux-30-650x650.png 650w, https:\/\/nathyroid.fr\/wp-content\/uploads\/2024\/07\/Nathyrel-Cheveux-30-600x600.png 600w, https:\/\/nathyroid.fr\/wp-content\/uploads\/2024\/07\/Nathyrel-Cheveux-30-100x100.png 100w\" sizes=\"(max-width: 700px) 100vw, 700px\" \/>\t\t\t\t\t\t\t\t\t\t\t\t\t\t\t<\/div>\n\t\t\t\t<\/div>\n\t\t\t\t<div class=\"elementor-element elementor-element-ccd86e5 elementor-widget elementor-widget-heading\" data-id=\"ccd86e5\" data-element_type=\"widget\" data-e-type=\"widget\" data-widget_type=\"heading.default\">\n\t\t\t\t<div class=\"elementor-widget-container\">\n\t\t\t\t\t<h3 class=\"elementor-heading-title elementor-size-default\"><b>NATHYREL<\/b> <br>FUERZA DEL CABELLO<\/h3>\t\t\t\t<\/div>\n\t\t\t\t<\/div>\n\t\t\t\t<div class=\"elementor-element elementor-element-e4d4ae6 elementor-widget__width-initial elementor-widget elementor-widget-text-editor\" data-id=\"e4d4ae6\" data-element_type=\"widget\" data-e-type=\"widget\" data-widget_type=\"text-editor.default\">\n\t\t\t\t<div class=\"elementor-widget-container\">\n\t\t\t\t\t\t\t\t\t<p>Contribuye a disminuir la ca\u00edda del cabello<sup>1<\/sup> y a fortalecer el cabello y las u\u00f1as<sup>2<\/sup><br \/><span style=\"font-size: 12px;\"><i>1 \u2013 El extracto de guisante ANAGAIN\u00ae contribuye a disminuir la ca\u00edda del cabello, favorece el recrecimiento y mejora el volumen.<br \/>2 \u2013 El extracto de ortiga ayuda a fortalecer el cabello y las u\u00f1as gracias a la presencia de s\u00edlice.<br \/><\/i><\/span><\/p>\t\t\t\t\t\t\t\t<\/div>\n\t\t\t\t<\/div>\n\t\t\t\t<div class=\"elementor-element elementor-element-0d89c52 elementor-widget elementor-widget-myritual_core_button\" data-id=\"0d89c52\" data-element_type=\"widget\" data-e-type=\"widget\" data-widget_type=\"myritual_core_button.default\">\n\t\t\t\t<div class=\"elementor-widget-container\">\n\t\t\t\t\t<a class=\"qodef-shortcode qodef-m  qodef-button qodef-layout--outlined  qodef-html--link\" href=\"https:\/\/nathyroid.fr\/es\/nathyrel-fuerza-del-cabello\/\" target=\"_self\" data-hover-color=\"#FFFFFF\" data-hover-background-color=\"#2E6989\" data-hover-border-color=\"#FFFFFF\" style=\"color: #2E6989;border-color: #2E6989;font-size: 12px;font-weight: 800;text-transform: uppercase\">\n\t<span class=\"qodef-m-text\">Saber m\u00e1s<\/span>\n<\/a>\n\t\t\t\t<\/div>\n\t\t\t\t<\/div>\n\t\t\t\t<\/div>\n\t\t<div class=\"elementor-element elementor-element-f2275c3 e-con-full e-flex e-con e-child\" data-id=\"f2275c3\" data-element_type=\"container\" data-e-type=\"container\">\n\t\t\t\t<div class=\"elementor-element elementor-element-3beba5a elementor-widget elementor-widget-image\" data-id=\"3beba5a\" data-element_type=\"widget\" data-e-type=\"widget\" data-widget_type=\"image.default\">\n\t\t\t\t<div class=\"elementor-widget-container\">\n\t\t\t\t\t\t\t\t\t\t\t\t\t\t\t<img loading=\"lazy\" decoding=\"async\" width=\"700\" height=\"700\" src=\"https:\/\/nathyroid.fr\/wp-content\/uploads\/2008\/11\/Nathyrel-Poids-60.png\" class=\"attachment-large size-large wp-image-49383\" alt=\"NATHYREL CONTR\u00d4LE DU POIDS\" srcset=\"https:\/\/nathyroid.fr\/wp-content\/uploads\/2008\/11\/Nathyrel-Poids-60.png 700w, https:\/\/nathyroid.fr\/wp-content\/uploads\/2008\/11\/Nathyrel-Poids-60-300x300.png 300w, https:\/\/nathyroid.fr\/wp-content\/uploads\/2008\/11\/Nathyrel-Poids-60-150x150.png 150w, https:\/\/nathyroid.fr\/wp-content\/uploads\/2008\/11\/Nathyrel-Poids-60-650x650.png 650w, https:\/\/nathyroid.fr\/wp-content\/uploads\/2008\/11\/Nathyrel-Poids-60-600x600.png 600w, https:\/\/nathyroid.fr\/wp-content\/uploads\/2008\/11\/Nathyrel-Poids-60-100x100.png 100w\" sizes=\"(max-width: 700px) 100vw, 700px\" \/>\t\t\t\t\t\t\t\t\t\t\t\t\t\t\t<\/div>\n\t\t\t\t<\/div>\n\t\t\t\t<div class=\"elementor-element elementor-element-a3e0502 elementor-widget elementor-widget-heading\" data-id=\"a3e0502\" data-element_type=\"widget\" data-e-type=\"widget\" data-widget_type=\"heading.default\">\n\t\t\t\t<div class=\"elementor-widget-container\">\n\t\t\t\t\t<h3 class=\"elementor-heading-title elementor-size-default\"><b>NATHYREL<\/b> <br>CONTROL DEL PESO<\/h3>\t\t\t\t<\/div>\n\t\t\t\t<\/div>\n\t\t\t\t<div class=\"elementor-element elementor-element-42a55d7 elementor-widget__width-initial elementor-widget elementor-widget-text-editor\" data-id=\"42a55d7\" data-element_type=\"widget\" data-e-type=\"widget\" data-widget_type=\"text-editor.default\">\n\t\t\t\t<div class=\"elementor-widget-container\">\n\t\t\t\t\t\t\t\t\t<p>Contribuye a la p\u00e9rdida de peso<sup>1<\/sup> y al mantenimiento de la funci\u00f3n tiroidea<sup>2<\/sup>.<br \/><span style=\"font-size: 12px;\"><i>1 \u2013 El extracto de guindilla contribuye al control del peso, a la p\u00e9rdida de peso y a la reducci\u00f3n del aporte cal\u00f3rico.<br \/>2 \u2013 El extracto de avena contribuye al mantenimiento de la funci\u00f3n tiroidea y de la producci\u00f3n hormonal. Tambi\u00e9n contribuye a un metabolismo energ\u00e9tico normal.<br \/><\/i><\/span><\/p>\t\t\t\t\t\t\t\t<\/div>\n\t\t\t\t<\/div>\n\t\t\t\t<div class=\"elementor-element elementor-element-40b9bdd elementor-widget elementor-widget-myritual_core_button\" data-id=\"40b9bdd\" data-element_type=\"widget\" data-e-type=\"widget\" data-widget_type=\"myritual_core_button.default\">\n\t\t\t\t<div class=\"elementor-widget-container\">\n\t\t\t\t\t<a class=\"qodef-shortcode qodef-m  qodef-button qodef-layout--outlined  qodef-html--link\" href=\"https:\/\/nathyroid.fr\/es\/nathyrel-control-del-peso\/\" target=\"_self\" data-hover-color=\"#FFFFFF\" data-hover-background-color=\"#2E6989\" data-hover-border-color=\"#FFFFFF\" style=\"color: #2E6989;border-color: #2E6989;font-size: 12px;font-weight: 800;text-transform: uppercase\">\n\t<span class=\"qodef-m-text\">Saber m\u00e1s<\/span>\n<\/a>\n\t\t\t\t<\/div>\n\t\t\t\t<\/div>\n\t\t\t\t<\/div>\n\t\t\t\t<\/div>\n\t\t<div class=\"elementor-element elementor-element-0c1937a e-flex e-con-boxed e-con e-parent\" data-id=\"0c1937a\" data-element_type=\"container\" data-e-type=\"container\" data-settings=\"{&quot;background_background&quot;:&quot;classic&quot;}\">\n\t\t\t\t\t<div class=\"e-con-inner\">\n\t\t\t\t<div class=\"elementor-element elementor-element-238a425 elementor-widget elementor-widget-myritual_core_call_to_action\" data-id=\"238a425\" data-element_type=\"widget\" data-e-type=\"widget\" data-widget_type=\"myritual_core_call_to_action.default\">\n\t\t\t\t<div class=\"elementor-widget-container\">\n\t\t\t\t\t<div class=\"qodef-shortcode qodef-m  qodef-call-to-action qodef-layout--standard qodef-style--stretched\">\n\t<div class=\"qodef-m-inner\">\n\t\t\t<div class=\"qodef-m-content\"><span style=\"color: #ffffff; font-size: 32px;\">Compre <strong>NATHYREL<\/strong> en la tienda de Laboratoire Papillon<\/span><\/div>\n\t\t\t<div class=\"qodef-m-button\">\n\t\t<a class=\"qodef-shortcode qodef-m  qodef-button qodef-layout--filled  qodef-html--link\" href=\"https:\/\/www.laboratoire-papillon.com\/boutique\/\" target=\"_self\" data-hover-color=\"#FFFFFF\" data-hover-background-color=\"#2E6989\" data-hover-border-color=\"#FFFFFF\" style=\"color: #2E6989;background-color: #FFFFFF;border-color: #2E6989\">\t<span class=\"qodef-m-text\">Saber m\u00e1s<\/span><\/a>\t<\/div>\n\t<\/div>\n<\/div>\n\t\t\t\t<\/div>\n\t\t\t\t<\/div>\n\t\t\t\t\t<\/div>\n\t\t\t\t<\/div>\n\t\t\t\t<\/div>\n\t\t","protected":false},"excerpt":{"rendered":"<p>Gama NATHYREL Nuestro estado general depende muy a menudo de nuestro equilibrio hormonal. Muchos signos pueden acompa\u00f1ar un desequilibrio de la funci\u00f3n tiroidea y generalmente se manifiestan con una intensidad variable seg\u00fan la persona. Para responder a las necesidades espec\u00edficas de cada persona, hemos creado la gama de productos NATHYREL. Las f\u00f3rmulas originales de cada [&hellip;]<\/p>\n","protected":false},"author":2,"featured_media":0,"parent":0,"menu_order":0,"comment_status":"closed","ping_status":"closed","template":"page-full-width.php","meta":{"footnotes":""},"class_list":["post-55329","page","type-page","status-publish","hentry"],"yoast_head":"<!-- This site is optimized with the Yoast SEO plugin v27.4 - https:\/\/yoast.com\/product\/yoast-seo-wordpress\/ -->\n<title>NATHYREL: una gama adaptada a las necesidades espec\u00edficas de cada persona<\/title>\n<meta name=\"description\" content=\"La gama NATHYREL ha sido dise\u00f1ada para poder utilizarse sola o como complemento de NATHYRO\u00cfD, especialmente formulado para el equilibrio tiroideo.\" \/>\n<meta name=\"robots\" content=\"index, follow, max-snippet:-1, max-image-preview:large, max-video-preview:-1\" \/>\n<link rel=\"canonical\" href=\"https:\/\/nathyroid.fr\/es\/gama-nathyrel\/\" \/>\n<meta property=\"og:locale\" content=\"es_ES\" \/>\n<meta property=\"og:type\" content=\"article\" \/>\n<meta property=\"og:title\" content=\"NATHYREL: una gama adaptada a las necesidades espec\u00edficas de cada persona\" \/>\n<meta property=\"og:description\" content=\"La gama NATHYREL ha sido dise\u00f1ada para poder utilizarse sola o como complemento de NATHYRO\u00cfD, especialmente formulado para el equilibrio tiroideo.\" \/>\n<meta property=\"og:url\" content=\"https:\/\/nathyroid.fr\/es\/gama-nathyrel\/\" \/>\n<meta property=\"og:site_name\" content=\"NATHYRO\u00cfD\" \/>\n<meta property=\"article:publisher\" content=\"https:\/\/www.facebook.com\/nathyroid\" \/>\n<meta property=\"article:modified_time\" content=\"2026-03-25T11:42:51+00:00\" \/>\n<meta property=\"og:image\" content=\"https:\/\/nathyroid.fr\/wp-content\/uploads\/2025\/10\/concept-nathyrel.jpg\" \/>\n<meta name=\"twitter:card\" content=\"summary_large_image\" \/>\n<meta name=\"twitter:label1\" content=\"Tiempo de lectura\" \/>\n\t<meta name=\"twitter:data1\" content=\"3 minutos\" \/>\n<script type=\"application\/ld+json\" class=\"yoast-schema-graph\">{\"@context\":\"https:\\\/\\\/schema.org\",\"@graph\":[{\"@type\":\"WebPage\",\"@id\":\"https:\\\/\\\/nathyroid.fr\\\/es\\\/gama-nathyrel\\\/\",\"url\":\"https:\\\/\\\/nathyroid.fr\\\/es\\\/gama-nathyrel\\\/\",\"name\":\"NATHYREL: una gama adaptada a las necesidades espec\u00edficas de cada persona\",\"isPartOf\":{\"@id\":\"https:\\\/\\\/nathyroid.fr\\\/es\\\/#website\"},\"primaryImageOfPage\":{\"@id\":\"https:\\\/\\\/nathyroid.fr\\\/es\\\/gama-nathyrel\\\/#primaryimage\"},\"image\":{\"@id\":\"https:\\\/\\\/nathyroid.fr\\\/es\\\/gama-nathyrel\\\/#primaryimage\"},\"thumbnailUrl\":\"https:\\\/\\\/nathyroid.fr\\\/wp-content\\\/uploads\\\/2025\\\/10\\\/concept-nathyrel.jpg\",\"datePublished\":\"2025-10-03T13:15:16+00:00\",\"dateModified\":\"2026-03-25T11:42:51+00:00\",\"description\":\"La gama NATHYREL ha sido dise\u00f1ada para poder utilizarse sola o como complemento de NATHYRO\u00cfD, especialmente formulado para el equilibrio tiroideo.\",\"inLanguage\":\"es\",\"potentialAction\":[{\"@type\":\"ReadAction\",\"target\":[\"https:\\\/\\\/nathyroid.fr\\\/es\\\/gama-nathyrel\\\/\"]}]},{\"@type\":\"ImageObject\",\"inLanguage\":\"es\",\"@id\":\"https:\\\/\\\/nathyroid.fr\\\/es\\\/gama-nathyrel\\\/#primaryimage\",\"url\":\"https:\\\/\\\/nathyroid.fr\\\/wp-content\\\/uploads\\\/2025\\\/10\\\/concept-nathyrel.jpg\",\"contentUrl\":\"https:\\\/\\\/nathyroid.fr\\\/wp-content\\\/uploads\\\/2025\\\/10\\\/concept-nathyrel.jpg\"},{\"@type\":\"WebSite\",\"@id\":\"https:\\\/\\\/nathyroid.fr\\\/es\\\/#website\",\"url\":\"https:\\\/\\\/nathyroid.fr\\\/es\\\/\",\"name\":\"NATHYRO\u00cfD\",\"description\":\"Compl\u00e9ment alimentaire pour l&#039;\u00e9quilibre thyro\u00efdien\",\"potentialAction\":[{\"@type\":\"SearchAction\",\"target\":{\"@type\":\"EntryPoint\",\"urlTemplate\":\"https:\\\/\\\/nathyroid.fr\\\/es\\\/?s={search_term_string}\"},\"query-input\":{\"@type\":\"PropertyValueSpecification\",\"valueRequired\":true,\"valueName\":\"search_term_string\"}}],\"inLanguage\":\"es\"}]}<\/script>\n<!-- \/ Yoast SEO plugin. -->","yoast_head_json":{"title":"NATHYREL: una gama adaptada a las necesidades espec\u00edficas de cada persona","description":"La gama NATHYREL ha sido dise\u00f1ada para poder utilizarse sola o como complemento de NATHYRO\u00cfD, especialmente formulado para el equilibrio tiroideo.","robots":{"index":"index","follow":"follow","max-snippet":"max-snippet:-1","max-image-preview":"max-image-preview:large","max-video-preview":"max-video-preview:-1"},"canonical":"https:\/\/nathyroid.fr\/es\/gama-nathyrel\/","og_locale":"es_ES","og_type":"article","og_title":"NATHYREL: una gama adaptada a las necesidades espec\u00edficas de cada persona","og_description":"La gama NATHYREL ha sido dise\u00f1ada para poder utilizarse sola o como complemento de NATHYRO\u00cfD, especialmente formulado para el equilibrio tiroideo.","og_url":"https:\/\/nathyroid.fr\/es\/gama-nathyrel\/","og_site_name":"NATHYRO\u00cfD","article_publisher":"https:\/\/www.facebook.com\/nathyroid","article_modified_time":"2026-03-25T11:42:51+00:00","og_image":[{"url":"https:\/\/nathyroid.fr\/wp-content\/uploads\/2025\/10\/concept-nathyrel.jpg","type":"","width":"","height":""}],"twitter_card":"summary_large_image","twitter_misc":{"Tiempo de lectura":"3 minutos"},"schema":{"@context":"https:\/\/schema.org","@graph":[{"@type":"WebPage","@id":"https:\/\/nathyroid.fr\/es\/gama-nathyrel\/","url":"https:\/\/nathyroid.fr\/es\/gama-nathyrel\/","name":"NATHYREL: una gama adaptada a las necesidades espec\u00edficas de cada persona","isPartOf":{"@id":"https:\/\/nathyroid.fr\/es\/#website"},"primaryImageOfPage":{"@id":"https:\/\/nathyroid.fr\/es\/gama-nathyrel\/#primaryimage"},"image":{"@id":"https:\/\/nathyroid.fr\/es\/gama-nathyrel\/#primaryimage"},"thumbnailUrl":"https:\/\/nathyroid.fr\/wp-content\/uploads\/2025\/10\/concept-nathyrel.jpg","datePublished":"2025-10-03T13:15:16+00:00","dateModified":"2026-03-25T11:42:51+00:00","description":"La gama NATHYREL ha sido dise\u00f1ada para poder utilizarse sola o como complemento de NATHYRO\u00cfD, especialmente formulado para el equilibrio tiroideo.","inLanguage":"es","potentialAction":[{"@type":"ReadAction","target":["https:\/\/nathyroid.fr\/es\/gama-nathyrel\/"]}]},{"@type":"ImageObject","inLanguage":"es","@id":"https:\/\/nathyroid.fr\/es\/gama-nathyrel\/#primaryimage","url":"https:\/\/nathyroid.fr\/wp-content\/uploads\/2025\/10\/concept-nathyrel.jpg","contentUrl":"https:\/\/nathyroid.fr\/wp-content\/uploads\/2025\/10\/concept-nathyrel.jpg"},{"@type":"WebSite","@id":"https:\/\/nathyroid.fr\/es\/#website","url":"https:\/\/nathyroid.fr\/es\/","name":"NATHYRO\u00cfD","description":"Compl\u00e9ment alimentaire pour l&#039;\u00e9quilibre thyro\u00efdien","potentialAction":[{"@type":"SearchAction","target":{"@type":"EntryPoint","urlTemplate":"https:\/\/nathyroid.fr\/es\/?s={search_term_string}"},"query-input":{"@type":"PropertyValueSpecification","valueRequired":true,"valueName":"search_term_string"}}],"inLanguage":"es"}]}},"_links":{"self":[{"href":"https:\/\/nathyroid.fr\/es\/wp-json\/wp\/v2\/pages\/55329","targetHints":{"allow":["GET"]}}],"collection":[{"href":"https:\/\/nathyroid.fr\/es\/wp-json\/wp\/v2\/pages"}],"about":[{"href":"https:\/\/nathyroid.fr\/es\/wp-json\/wp\/v2\/types\/page"}],"author":[{"embeddable":true,"href":"https:\/\/nathyroid.fr\/es\/wp-json\/wp\/v2\/users\/2"}],"replies":[{"embeddable":true,"href":"https:\/\/nathyroid.fr\/es\/wp-json\/wp\/v2\/comments?post=55329"}],"version-history":[{"count":10,"href":"https:\/\/nathyroid.fr\/es\/wp-json\/wp\/v2\/pages\/55329\/revisions"}],"predecessor-version":[{"id":55509,"href":"https:\/\/nathyroid.fr\/es\/wp-json\/wp\/v2\/pages\/55329\/revisions\/55509"}],"wp:attachment":[{"href":"https:\/\/nathyroid.fr\/es\/wp-json\/wp\/v2\/media?parent=55329"}],"curies":[{"name":"wp","href":"https:\/\/api.w.org\/{rel}","templated":true}]}}